{"id":987613463,"date":"2026-03-18T14:43:31","date_gmt":"2026-03-18T14:43:31","guid":{"rendered":"https:\/\/teamcdg.com\/?page_id=987613463"},"modified":"2026-04-02T08:10:36","modified_gmt":"2026-04-02T08:10:36","slug":"politique-de-confidentialite","status":"publish","type":"page","link":"https:\/\/teamcdg.com\/fr\/politique-de-confidentialite\/","title":{"rendered":"Politique de confidentialit\u00e9"},"content":{"rendered":"<p>[et_pb_section fb_built=\u00a0\u00bb1&Prime; _builder_version=\u00a0\u00bb4.27.6&Prime; _module_preset=\u00a0\u00bbdefault\u00a0\u00bb locked=\u00a0\u00bboff\u00a0\u00bb global_colors_info=\u00a0\u00bb{}\u00a0\u00bb theme_builder_area=\u00a0\u00bbpost_content\u00a0\u00bb][et_pb_row _builder_version=\u00a0\u00bb4.27.6&Prime; _module_preset=\u00a0\u00bbdefault\u00a0\u00bb max_width=\u00a0\u00bb1300px\u00a0\u00bb global_colors_info=\u00a0\u00bb{}\u00a0\u00bb theme_builder_area=\u00a0\u00bbpost_content\u00a0\u00bb][et_pb_column type=\u00a0\u00bb4_4&Prime; _builder_version=\u00a0\u00bb4.27.6&Prime; _module_preset=\u00a0\u00bbdefault\u00a0\u00bb global_colors_info=\u00a0\u00bb{}\u00a0\u00bb theme_builder_area=\u00a0\u00bbpost_content\u00a0\u00bb][et_pb_text _builder_version=\u00a0\u00bb4.27.6&Prime; _module_preset=\u00a0\u00bbdefault\u00a0\u00bb text_font=\u00a0\u00bbMontserrat||||||||\u00a0\u00bb text_font_size=\u00a0\u00bb16px\u00a0\u00bb text_line_height=\u00a0\u00bb1.9em\u00a0\u00bb header_font=\u00a0\u00bb|600|||||||\u00a0\u00bb header_font_size=\u00a0\u00bb40px\u00a0\u00bb header_2_font=\u00a0\u00bb|600|||||||\u00a0\u00bb header_2_font_size=\u00a0\u00bb19px\u00a0\u00bb hover_enabled=\u00a0\u00bb0&Prime; custom_css_free_form=\u00a0\u00bbselector h2{||  font-size: 28px !important;||}\u00a0\u00bb global_colors_info=\u00a0\u00bb{}\u00a0\u00bb sticky_enabled=\u00a0\u00bb0&Prime; theme_builder_area=\u00a0\u00bbpost_content\u00a0\u00bb]<\/p>\n<h1 class=\"h1 font-25 bold margin-bx2\">Politique de confidentialit\u00e9<\/h1>\n<p>&nbsp;<\/p>\n<h2 class=\"h2 font-20 bold margin-bx2\">Qui sommes-nous ?<\/h2>\n<p>&nbsp;<\/p>\n<p>L\u2019adresse de notre site Web est : http:\/\/www.teamcdg.com.<br \/>Toute notre histoire est disponible \u00e0 la page suivante :<span>\u00a0<\/span><a href=\"https:\/\/teamcdg.com\/fr\/entreprise\/\">www.teamcdg.com\/fr\/entreprise<\/a><\/p>\n<p>&nbsp;<\/p>\n<h2 class=\"font-20 bold margin-tbx2\">Utilisation des donn\u00e9es personnelles collect\u00e9es<\/h2>\n<p>&nbsp;<\/p>\n<h3 class=\"bold\"><strong>Commentaires<\/strong><\/h3>\n<p>Quand vous laissez un commentaire sur notre site web, les donn\u00e9es inscrites dans le formulaire de commentaire, mais aussi votre adresse IP et l\u2019agent utilisateur de votre navigateur sont collect\u00e9s pour nous aider \u00e0 la d\u00e9tection des commentaires ind\u00e9sirables.<\/p>\n<p>Une cha\u00eene anonymis\u00e9e cr\u00e9\u00e9e \u00e0 partir de votre adresse de messagerie (\u00e9galement appel\u00e9e hash) peut \u00eatre envoy\u00e9e au service Gravatar pour v\u00e9rifier si vous utilisez ce dernier. Les clauses de confidentialit\u00e9 du service Gravatar sont disponibles ici : https:\/\/automattic.com\/privacy\/. Apr\u00e8s validation de votre commentaire, votre photo de profil sera visible publiquement \u00e0 cot\u00e9 de votre commentaire.<\/p>\n<p>&nbsp;<\/p>\n<h3 class=\"bold margin-tx2\"><strong>M\u00e9dias<\/strong><\/h3>\n<p>Si vous \u00eates un utilisateur ou une utilisatrice enregistr\u00e9\u00b7e et que vous t\u00e9l\u00e9versez des images sur le site web, nous vous conseillons d\u2019\u00e9viter de t\u00e9l\u00e9verser des images contenant des donn\u00e9es EXIF de coordonn\u00e9es GPS. Les visiteurs de votre site web peuvent t\u00e9l\u00e9charger et extraire des donn\u00e9es de localisation depuis ces images.<\/p>\n<p>&nbsp;<\/p>\n<h3 class=\"bold margin-tx2\"><strong>Formulaires de contact et de devis<\/strong><\/h3>\n<p>A travers la majorit\u00e9 du site teamcdg.com, vous aurez acc\u00e8s \u00e0 des formulaires \u00e0 fins informationnelles ou de devis. Nous vous informons que lorsque vous remplissez l\u2019un de ces formulaires, vous acceptez le traitement de vos donn\u00e9es par le protocole suivant :<\/p>\n<ul>\n<li><span>\u00a0<\/span>Les donn\u00e9es rentr\u00e9es dans les formulaires sont envoy\u00e9es sur une feuille prot\u00e9g\u00e9e Google Sheet (Logiciel en ligne de Google inc)<\/li>\n<li><span>\u00a0<\/span>En m\u00eame temps celles-ci sont envoy\u00e9es par mail \u00e0 l\u2019\u00e9quipe TEAM International<\/li>\n<li><span>\u00a0<\/span>Les donn\u00e9es sont ensuite trait\u00e9es par un logiciel en ligne tiers nomm\u00e9 Integromat afin d\u2019\u00eatre ordonn\u00e9es dans un tableau Google Sheet (Logiciel en ligne de Google inc)<\/li>\n<\/ul>\n<p>&nbsp;<\/p>\n<h3 class=\"bold margin-tbx2\"><strong>Personne responsable<\/strong><\/h3>\n<p>Si vous souhaitez consulter ou supprimer les donn\u00e9es que vous avez transmis sur le site www.teamcdg.com vous pouvez adresser votre demande :<\/p>\n<p>&nbsp;<\/p>\n<h3 class=\"bold\"><strong>Par courrier :<\/strong><\/h3>\n<p>TEAM International<br \/>\u00c0 l\u2019attention de monsieur Herv\u00e9 Lavall\u00e9e<br \/>ZI Paris Nord 2<br \/>161-163 Rue de la Belle \u00c9toile<br \/>B\u00e2timent 2A<br \/>BP 58381 Roissy en France<br \/>95943 ROISSY CDG Cedex<br \/>FRANCE<\/p>\n<p>&nbsp;<\/p>\n<h3 class=\"bold margin-tx2\"><strong>Par mail :<\/strong><\/h3>\n<p>En remplissant le formulaire pr\u00e9sent \u00e0 l\u2019adresse suivante :<span>\u00a0<\/span><a href=\"https:\/\/teamcdg.com\/fr\/contact\/\">www.teamcdg.com\/fr\/contact<\/a><\/p>\n<p>&nbsp;<\/p>\n<h3 class=\"bold margin-tx2\"><strong>Cookies<\/strong><\/h3>\n<p>Si vous d\u00e9posez un commentaire sur notre site, il vous sera propos\u00e9 d\u2019enregistrer votre nom, adresse de messagerie et site web dans des cookies. C\u2019est uniquement pour votre confort afin de ne pas avoir \u00e0 saisir ces informations si vous d\u00e9posez un autre commentaire plus tard. Ces cookies expirent au bout d\u2019un an.<\/p>\n<p>Si vous avez un compte et que vous vous connectez sur ce site, un cookie temporaire sera cr\u00e9\u00e9 afin de d\u00e9terminer si votre navigateur accepte les cookies. Il ne contient pas de donn\u00e9es personnelles et sera supprim\u00e9 automatiquement \u00e0 la fermeture de votre navigateur.<\/p>\n<p>Lorsque vous vous connecterez, nous mettrons en place un certain nombre de cookies pour enregistrer vos informations de connexion et vos pr\u00e9f\u00e9rences d\u2019\u00e9cran. La dur\u00e9e de vie d\u2019un cookie de connexion est de deux jours, celle d\u2019un cookie d\u2019option d\u2019\u00e9cran est d\u2019un an. Si vous cochez \u00ab Se souvenir de moi \u00bb, votre cookie de connexion sera conserv\u00e9 pendant deux semaines. Si vous vous d\u00e9connectez de votre compte, le cookie de connexion sera effac\u00e9.<\/p>\n<p>En modifiant ou en publiant un article, un cookie suppl\u00e9mentaire sera enregistr\u00e9 dans votre navigateur. Ce cookie ne comprend aucune donn\u00e9e personnelle. Il indique simplement l\u2019identifiant de l\u2019article que vous venez de modifier. Il expire au bout d\u2019un jour.<\/p>\n<p>&nbsp;<\/p>\n<h3 class=\"bold margin-tbx2\"><strong>Contenu embarqu\u00e9 depuis d\u2019autres sites<\/strong><\/h3>\n<p>Les articles de ce site peuvent inclure des contenus int\u00e9gr\u00e9s (par exemple des vid\u00e9os, images, articles\u2026). Le contenu int\u00e9gr\u00e9 depuis d\u2019autres sites se comporte de la m\u00eame mani\u00e8re que si le visiteur se rendait sur cet autre site.<\/p>\n<p>Ces sites web pourraient collecter des donn\u00e9es sur vous, utiliser des cookies, embarquer des outils de suivis tiers, suivre vos interactions avec ces contenus embarqu\u00e9s si vous disposez d\u2019un compte connect\u00e9 sur leur site web.<\/p>\n<p class=\"bold margin-tbx2\">Liste des cookies sur le site www.teamcdg.com<\/p>\n<ul>\n<li><span>\u00a0<\/span>Le site www.teamcdg.com utilise le CRM Hubspot et celui-ci n\u00e9cessite plusieurs cookies \u00e0 des fins de fonctionnement, d\u2019exp\u00e9rience utilisateur et d\u2019analyse. Vous pouvez retrouver la liste de tous les cookies d\u00e9pos\u00e9s par Hubspot \u00e0 l\u2019adresse suivante : https:\/\/knowledge.hubspot.com\/fr\/articles\/kcs_article\/reports\/what-cookies-does-hubspot-set-in-a-visitor-s-browser<\/li>\n<li><span>\u00a0<\/span>Le site www.teamcdg.com utilise le CMs WordPress et celui-ci n\u00e9cessite plusieurs cookies \u00e0 des fins de fonctionnement. Vous pouvez retrouver la liste de tous les cookies d\u00e9pos\u00e9s par WordPress \u00e0 l\u2019adresse suivante : https:\/\/codex.wordpress.org\/WordPress_Cookies<\/li>\n<li><span>\u00a0<\/span>__ga et __gid qui sont les cookies de google analytics. Ceux-ci permettent de mesurer l\u2019audience du site \u00e0 des fins d\u2019am\u00e9lioration d\u2019exp\u00e9rience utilisateur<\/li>\n<li><span>\u00a0<\/span>hasConsent qui permet d\u2019avoir ou non votre consentement sur le suivi google analytics<\/li>\n<li><span>\u00a0<\/span>__sharethis_cookies_test_ qui permet l\u2019installation de google analytics sur toutes les pages du site<\/li>\n<li><span>\u00a0<\/span>_hjIncludeInSample le site www.teamcdg.com utilise le service hotjar (https:\/\/www.hotjar.com) pour pouvoir visualiser les parcours des internautes et savoir ce qui peut \u00e9ventuellement \u00eatre probl\u00e9matique pour eux<\/li>\n<li><span>\u00a0<\/span>hustle_module_show_count-slidein_1 permettant de faire des pop-ups et sur le site<\/li>\n<li><span>\u00a0<\/span>inc_option_slide_in_long_hidden-1 permettant de vous proposer des slide-in ou sliders sur le site<\/li>\n<\/ul>\n<p>&nbsp;<\/p>\n<h3 class=\"bold margin-tbx2\"><strong>En savoir plus \/ d\u00e9sactiver les cookies<\/strong><\/h3>\n<p>Pour en savoir plus sur les cookies, leur fonctionnement et les moyens de s\u2019y opposer, vous pouvez lire l\u2019article de la CNIL sur ce sujet. Vous pouvez \u00e9galement accepter ou autoriser le d\u00e9p\u00f4t de cookies tiers directement depuis son navigateur web (cette m\u00e9thode n\u2019est pas recommand\u00e9e par la CNIL) :<span>\u00a0<\/span><span class=\"bold\">Chrome :<\/span><span>\u00a0<\/span>Menu &gt; Param\u00e8tres &gt; Afficher les param\u00e8tres avanc\u00e9s (en bas du menu sur la gauche). Il faut ensuite cliquer sur l\u2019onglet Confidentialit\u00e9 et S\u00e9curit\u00e9 puis sur Param\u00e8tres de contenu &gt; Cookies &gt; Bloquer les cookies tiers<\/p>\n<p><span class=\"bold\">Firefox :<\/span><span>\u00a0<\/span>Menu &gt; Options &gt; Onglet \u201cVie priv\u00e9e et s\u00e9curit\u00e9\u201d Param\u00e9trer la section \u201cHistorique\u201d sur \u201cUtiliser les param\u00e8tres personnalis\u00e9s pour l\u2019historique\u201c. Enfin, indiquez Jamais pour la r\u00e8gle \u201cAccepter les cookies tiers\u201c.<\/p>\n<p>&nbsp;<\/p>\n<h2 class=\"bold font-20 margin-tbx2\">Utilisation et transmission de vos donn\u00e9es personnelles<\/h2>\n<p class=\"bold font-20 margin-tbx2\">\n<h3 class=\"bold margin-bx2\"><strong>Dur\u00e9es de stockage de vos donn\u00e9es<\/strong><\/h3>\n<p>Si vous laissez un commentaire, le commentaire et ses m\u00e9tadonn\u00e9es sont conserv\u00e9s ind\u00e9finiment. Cela permet de reconna\u00eetre et approuver automatiquement les commentaires suivants au lieu de les laisser dans la file de mod\u00e9ration.<\/p>\n<p>Pour les utilisateurs et utilisatrices qui s\u2019enregistrent sur notre site (si cela est possible), nous stockons \u00e9galement les donn\u00e9es personnelles indiqu\u00e9es dans leur profil. Tous les utilisateurs et utilisatrices peuvent voir, modifier ou supprimer leurs informations personnelles \u00e0 tout moment (\u00e0 l\u2019exception de leur nom d\u2019utilisateur\u00b7ice). Les gestionnaires du site peuvent aussi voir et modifier ces informations.<\/p>\n<p>&nbsp;<\/p>\n<h3 class=\"bold margin-tbx2\"><strong>Les droits que vous avez sur vos donn\u00e9es<\/strong><\/h3>\n<p>Si vous avez un compte ou si vous avez laiss\u00e9 des commentaires sur le site, vous pouvez demander \u00e0 recevoir un fichier contenant toutes les donn\u00e9es personnelles que nous poss\u00e9dons \u00e0 votre sujet, incluant celles que vous nous avez fournies. Vous pouvez \u00e9galement demander la suppression des donn\u00e9es personnelles vous concernant. Cela ne prend pas en compte les donn\u00e9es stock\u00e9es \u00e0 des fins administratives, l\u00e9gales ou pour des raisons de s\u00e9curit\u00e9.<\/p>\n<p>&nbsp;<\/p>\n<h3 class=\"bold margin-tbx2\"><strong>Transmission de vos donn\u00e9es personnelles<\/strong><\/h3>\n<p>Les commentaires des visiteurs peuvent \u00eatre v\u00e9rifi\u00e9s \u00e0 l\u2019aide d\u2019un service automatis\u00e9 de d\u00e9tection des commentaires ind\u00e9sirables.<\/p>\n<p>&nbsp;<\/p>\n<h3 class=\"bold margin-tbx2\"><strong>Informations de contact<\/strong><\/h3>\n<p><strong><\/strong><\/p>\n<p class=\"margin-bx2\"><span class=\"bold\"><strong>Courrier<\/strong> :<\/span><br \/>TEAM International<br \/>A l\u2019attention de monsieur Herv\u00e9 Lavall\u00e9e<br \/>ZI Paris Nord 2<br \/>161-163 Rue de la Belle \u00c9toile<br \/>B\u00e2timent 2A<br \/>BP 58381 Roissy en France<br \/>95943 ROISSY CDG Cedex<br \/>FRANCE<\/p>\n<p class=\"bold\"><strong>Mail :<\/strong><\/p>\n<p>En remplissant le formulaire pr\u00e9sent \u00e0 l\u2019adresse suivante :<span>\u00a0<\/span><a href=\"https:\/\/teamcdg.com\/fr\/contact\/\">www.teamcdg.com\/fr\/contact<\/a><\/p>\n<p>[\/et_pb_text][\/et_pb_column][\/et_pb_row][\/et_pb_section]<\/p>\n","protected":false},"excerpt":{"rendered":"<p>Politique de confidentialit\u00e9 &nbsp; Qui sommes-nous ? &nbsp; L\u2019adresse de notre site Web est : http:\/\/www.teamcdg.com.Toute notre histoire est disponible \u00e0 la page suivante :\u00a0www.teamcdg.com\/fr\/entreprise &nbsp; Utilisation des donn\u00e9es personnelles collect\u00e9es &nbsp; Commentaires Quand vous laissez un commentaire sur notre site web, les donn\u00e9es inscrites dans le formulaire de commentaire, mais aussi votre adresse IP et l\u2019agent utilisateur de votre navigateur sont collect\u00e9s pour nous aider \u00e0 la d\u00e9tection des commentaires ind\u00e9sirables. Une cha\u00eene anonymis\u00e9e cr\u00e9\u00e9e \u00e0 partir de votre adresse de messagerie (\u00e9galement appel\u00e9e hash) peut \u00eatre envoy\u00e9e au service Gravatar pour v\u00e9rifier si vous utilisez ce dernier. Les clauses de confidentialit\u00e9 du service Gravatar sont disponibles ici : https:\/\/automattic.com\/privacy\/. Apr\u00e8s validation de votre commentaire, votre photo de profil sera visible publiquement \u00e0 cot\u00e9 de votre commentaire. &nbsp; M\u00e9dias Si vous \u00eates un utilisateur ou une utilisatrice enregistr\u00e9\u00b7e et que vous t\u00e9l\u00e9versez des images sur le site web, nous vous conseillons d\u2019\u00e9viter de t\u00e9l\u00e9verser des images contenant des donn\u00e9es EXIF de coordonn\u00e9es GPS. Les visiteurs de votre site web peuvent t\u00e9l\u00e9charger et extraire des donn\u00e9es de localisation depuis ces images. &nbsp; Formulaires de contact et de devis A travers la majorit\u00e9 du site teamcdg.com, vous aurez acc\u00e8s \u00e0 des [&hellip;]<\/p>\n","protected":false},"author":2,"featured_media":0,"parent":0,"menu_order":0,"comment_status":"closed","ping_status":"closed","template":"","meta":{"_et_pb_use_builder":"on","_et_pb_old_content":"","_et_gb_content_width":"","footnotes":""},"class_list":["post-987613463","page","type-page","status-publish","hentry"],"yoast_head":"<!-- This site is optimized with the Yoast SEO plugin v27.3 - https:\/\/yoast.com\/product\/yoast-seo-wordpress\/ -->\n<title>Politique de confidentialit\u00e9 avec Team International - Fret maritime, a\u00e9rien, routier<\/title>\n<meta name=\"description\" content=\"Politique de confidentialit\u00e9 avec Team International - Fret maritime, a\u00e9rien, routier. Transitaire international.\" \/>\n<meta name=\"robots\" content=\"index, follow, max-snippet:-1, max-image-preview:large, max-video-preview:-1\" \/>\n<link rel=\"canonical\" href=\"https:\/\/teamcdg.com\/fr\/politique-de-confidentialite\/\" \/>\n<meta property=\"og:locale\" content=\"fr_FR\" \/>\n<meta property=\"og:type\" content=\"article\" \/>\n<meta property=\"og:title\" content=\"Politique de confidentialit\u00e9 avec Team International - Fret maritime, a\u00e9rien, routier\" \/>\n<meta property=\"og:description\" content=\"Politique de confidentialit\u00e9 avec Team International - Fret maritime, a\u00e9rien, routier. Transitaire international.\" \/>\n<meta property=\"og:url\" content=\"https:\/\/teamcdg.com\/fr\/politique-de-confidentialite\/\" \/>\n<meta property=\"og:site_name\" content=\"Team International CDG\" \/>\n<meta property=\"article:modified_time\" content=\"2026-04-02T08:10:36+00:00\" \/>\n<meta property=\"og:image\" content=\"https:\/\/teamcdg.com\/wp-content\/uploads\/2025\/12\/logo-team-2-1.png\" \/>\n\t<meta property=\"og:image:width\" content=\"793\" \/>\n\t<meta property=\"og:image:height\" content=\"288\" \/>\n\t<meta property=\"og:image:type\" content=\"image\/png\" \/>\n<meta name=\"twitter:card\" content=\"summary_large_image\" \/>\n<meta name=\"twitter:label1\" content=\"Dur\u00e9e de lecture estim\u00e9e\" \/>\n\t<meta name=\"twitter:data1\" content=\"6 minutes\" \/>\n<script type=\"application\/ld+json\" class=\"yoast-schema-graph\">{\"@context\":\"https:\\\/\\\/schema.org\",\"@graph\":[{\"@type\":\"WebPage\",\"@id\":\"https:\\\/\\\/teamcdg.com\\\/fr\\\/politique-de-confidentialite\\\/\",\"url\":\"https:\\\/\\\/teamcdg.com\\\/fr\\\/politique-de-confidentialite\\\/\",\"name\":\"Politique de confidentialit\u00e9 avec Team International - Fret maritime, a\u00e9rien, routier\",\"isPartOf\":{\"@id\":\"https:\\\/\\\/teamcdg.com\\\/fr\\\/#website\"},\"datePublished\":\"2026-03-18T14:43:31+00:00\",\"dateModified\":\"2026-04-02T08:10:36+00:00\",\"description\":\"Politique de confidentialit\u00e9 avec Team International - Fret maritime, a\u00e9rien, routier. Transitaire international.\",\"breadcrumb\":{\"@id\":\"https:\\\/\\\/teamcdg.com\\\/fr\\\/politique-de-confidentialite\\\/#breadcrumb\"},\"inLanguage\":\"fr-FR\",\"potentialAction\":[{\"@type\":\"ReadAction\",\"target\":[\"https:\\\/\\\/teamcdg.com\\\/fr\\\/politique-de-confidentialite\\\/\"]}]},{\"@type\":\"BreadcrumbList\",\"@id\":\"https:\\\/\\\/teamcdg.com\\\/fr\\\/politique-de-confidentialite\\\/#breadcrumb\",\"itemListElement\":[{\"@type\":\"ListItem\",\"position\":1,\"name\":\"Home\",\"item\":\"https:\\\/\\\/teamcdg.com\\\/fr\\\/\"},{\"@type\":\"ListItem\",\"position\":2,\"name\":\"Politique de confidentialit\u00e9\"}]},{\"@type\":\"WebSite\",\"@id\":\"https:\\\/\\\/teamcdg.com\\\/fr\\\/#website\",\"url\":\"https:\\\/\\\/teamcdg.com\\\/fr\\\/\",\"name\":\"Team International\",\"description\":\"TEAM International CDG\",\"publisher\":{\"@id\":\"https:\\\/\\\/teamcdg.com\\\/fr\\\/#organization\"},\"alternateName\":\"Team CDG\",\"potentialAction\":[{\"@type\":\"SearchAction\",\"target\":{\"@type\":\"EntryPoint\",\"urlTemplate\":\"https:\\\/\\\/teamcdg.com\\\/fr\\\/?s={search_term_string}\"},\"query-input\":{\"@type\":\"PropertyValueSpecification\",\"valueRequired\":true,\"valueName\":\"search_term_string\"}}],\"inLanguage\":\"fr-FR\"},{\"@type\":\"Organization\",\"@id\":\"https:\\\/\\\/teamcdg.com\\\/fr\\\/#organization\",\"name\":\"Team International\",\"alternateName\":\"Team CDG\",\"url\":\"https:\\\/\\\/teamcdg.com\\\/fr\\\/\",\"logo\":{\"@type\":\"ImageObject\",\"inLanguage\":\"fr-FR\",\"@id\":\"https:\\\/\\\/teamcdg.com\\\/fr\\\/#\\\/schema\\\/logo\\\/image\\\/\",\"url\":\"https:\\\/\\\/teamcdg.com\\\/wp-content\\\/uploads\\\/2025\\\/12\\\/logo-team-2-1.png\",\"contentUrl\":\"https:\\\/\\\/teamcdg.com\\\/wp-content\\\/uploads\\\/2025\\\/12\\\/logo-team-2-1.png\",\"width\":793,\"height\":288,\"caption\":\"Team International\"},\"image\":{\"@id\":\"https:\\\/\\\/teamcdg.com\\\/fr\\\/#\\\/schema\\\/logo\\\/image\\\/\"}}]}<\/script>\n<!-- \/ Yoast SEO plugin. -->","yoast_head_json":{"title":"Politique de confidentialit\u00e9 avec Team International - Fret maritime, a\u00e9rien, routier","description":"Politique de confidentialit\u00e9 avec Team International - Fret maritime, a\u00e9rien, routier. Transitaire international.","robots":{"index":"index","follow":"follow","max-snippet":"max-snippet:-1","max-image-preview":"max-image-preview:large","max-video-preview":"max-video-preview:-1"},"canonical":"https:\/\/teamcdg.com\/fr\/politique-de-confidentialite\/","og_locale":"fr_FR","og_type":"article","og_title":"Politique de confidentialit\u00e9 avec Team International - Fret maritime, a\u00e9rien, routier","og_description":"Politique de confidentialit\u00e9 avec Team International - Fret maritime, a\u00e9rien, routier. Transitaire international.","og_url":"https:\/\/teamcdg.com\/fr\/politique-de-confidentialite\/","og_site_name":"Team International CDG","article_modified_time":"2026-04-02T08:10:36+00:00","og_image":[{"width":793,"height":288,"url":"https:\/\/teamcdg.com\/wp-content\/uploads\/2025\/12\/logo-team-2-1.png","type":"image\/png"}],"twitter_card":"summary_large_image","twitter_misc":{"Dur\u00e9e de lecture estim\u00e9e":"6 minutes"},"schema":{"@context":"https:\/\/schema.org","@graph":[{"@type":"WebPage","@id":"https:\/\/teamcdg.com\/fr\/politique-de-confidentialite\/","url":"https:\/\/teamcdg.com\/fr\/politique-de-confidentialite\/","name":"Politique de confidentialit\u00e9 avec Team International - Fret maritime, a\u00e9rien, routier","isPartOf":{"@id":"https:\/\/teamcdg.com\/fr\/#website"},"datePublished":"2026-03-18T14:43:31+00:00","dateModified":"2026-04-02T08:10:36+00:00","description":"Politique de confidentialit\u00e9 avec Team International - Fret maritime, a\u00e9rien, routier. Transitaire international.","breadcrumb":{"@id":"https:\/\/teamcdg.com\/fr\/politique-de-confidentialite\/#breadcrumb"},"inLanguage":"fr-FR","potentialAction":[{"@type":"ReadAction","target":["https:\/\/teamcdg.com\/fr\/politique-de-confidentialite\/"]}]},{"@type":"BreadcrumbList","@id":"https:\/\/teamcdg.com\/fr\/politique-de-confidentialite\/#breadcrumb","itemListElement":[{"@type":"ListItem","position":1,"name":"Home","item":"https:\/\/teamcdg.com\/fr\/"},{"@type":"ListItem","position":2,"name":"Politique de confidentialit\u00e9"}]},{"@type":"WebSite","@id":"https:\/\/teamcdg.com\/fr\/#website","url":"https:\/\/teamcdg.com\/fr\/","name":"Team International","description":"TEAM International CDG","publisher":{"@id":"https:\/\/teamcdg.com\/fr\/#organization"},"alternateName":"Team CDG","potentialAction":[{"@type":"SearchAction","target":{"@type":"EntryPoint","urlTemplate":"https:\/\/teamcdg.com\/fr\/?s={search_term_string}"},"query-input":{"@type":"PropertyValueSpecification","valueRequired":true,"valueName":"search_term_string"}}],"inLanguage":"fr-FR"},{"@type":"Organization","@id":"https:\/\/teamcdg.com\/fr\/#organization","name":"Team International","alternateName":"Team CDG","url":"https:\/\/teamcdg.com\/fr\/","logo":{"@type":"ImageObject","inLanguage":"fr-FR","@id":"https:\/\/teamcdg.com\/fr\/#\/schema\/logo\/image\/","url":"https:\/\/teamcdg.com\/wp-content\/uploads\/2025\/12\/logo-team-2-1.png","contentUrl":"https:\/\/teamcdg.com\/wp-content\/uploads\/2025\/12\/logo-team-2-1.png","width":793,"height":288,"caption":"Team International"},"image":{"@id":"https:\/\/teamcdg.com\/fr\/#\/schema\/logo\/image\/"}}]}},"_links":{"self":[{"href":"https:\/\/teamcdg.com\/fr\/wp-json\/wp\/v2\/pages\/987613463","targetHints":{"allow":["GET"]}}],"collection":[{"href":"https:\/\/teamcdg.com\/fr\/wp-json\/wp\/v2\/pages"}],"about":[{"href":"https:\/\/teamcdg.com\/fr\/wp-json\/wp\/v2\/types\/page"}],"author":[{"embeddable":true,"href":"https:\/\/teamcdg.com\/fr\/wp-json\/wp\/v2\/users\/2"}],"replies":[{"embeddable":true,"href":"https:\/\/teamcdg.com\/fr\/wp-json\/wp\/v2\/comments?post=987613463"}],"version-history":[{"count":13,"href":"https:\/\/teamcdg.com\/fr\/wp-json\/wp\/v2\/pages\/987613463\/revisions"}],"predecessor-version":[{"id":987615753,"href":"https:\/\/teamcdg.com\/fr\/wp-json\/wp\/v2\/pages\/987613463\/revisions\/987615753"}],"wp:attachment":[{"href":"https:\/\/teamcdg.com\/fr\/wp-json\/wp\/v2\/media?parent=987613463"}],"curies":[{"name":"wp","href":"https:\/\/api.w.org\/{rel}","templated":true}]}}